{"id":672,"date":"2024-04-09T14:24:07","date_gmt":"2024-04-09T14:24:07","guid":{"rendered":"https:\/\/sparterobotics.com\/ext\/?page_id=672"},"modified":"2025-06-17T18:15:30","modified_gmt":"2025-06-17T18:15:30","slug":"projets-cours","status":"publish","type":"page","link":"https:\/\/gic-solaire-elpc.com\/fr\/projets-cours\/","title":{"rendered":"Projets en Cours"},"content":{"rendered":"\t\t<div data-elementor-type=\"wp-page\" data-elementor-id=\"672\" class=\"elementor elementor-672\">\n\t\t\t\t<div class=\"elementor-element elementor-element-daf1681 e-flex e-con-boxed e-con e-parent\" data-id=\"daf1681\" data-element_type=\"container\" data-settings=\"{&quot;background_background&quot;:&quot;classic&quot;}\" data-core-v316-plus=\"true\">\n\t\t\t\t\t<div class=\"e-con-inner\">\n\t\t<div class=\"elementor-element elementor-element-229c1f2 e-con-full e-flex e-con e-child\" data-id=\"229c1f2\" data-element_type=\"container\">\n\t\t\t\t<div class=\"elementor-element elementor-element-e5fdca5 elementor-widget elementor-widget-heading\" data-id=\"e5fdca5\" data-element_type=\"widget\" data-widget_type=\"heading.default\">\n\t\t\t\t<div class=\"elementor-widget-container\">\n\t\t\t<style>\/*! elementor - v3.20.0 - 26-03-2024 *\/\n.elementor-heading-title{padding:0;margin:0;line-height:1}.elementor-widget-heading .elementor-heading-title[class*=elementor-size-]>a{color:inherit;font-size:inherit;line-height:inherit}.elementor-widget-heading .elementor-heading-title.elementor-size-small{font-size:15px}.elementor-widget-heading .elementor-heading-title.elementor-size-medium{font-size:19px}.elementor-widget-heading .elementor-heading-title.elementor-size-large{font-size:29px}.elementor-widget-heading .elementor-heading-title.elementor-size-xl{font-size:39px}.elementor-widget-heading .elementor-heading-title.elementor-size-xxl{font-size:59px}<\/style><h2 class=\"elementor-heading-title elementor-size-default\">CREATION D'UN CENTRE DE FORMATION<\/h2>\t\t<\/div>\n\t\t\t\t<\/div>\n\t\t\t\t<div class=\"elementor-element elementor-element-ba88819 elementor-widget elementor-widget-text-editor\" data-id=\"ba88819\" data-element_type=\"widget\" data-widget_type=\"text-editor.default\">\n\t\t\t\t<div class=\"elementor-widget-container\">\n\t\t\t<style>\/*! elementor - v3.20.0 - 26-03-2024 *\/\n.elementor-widget-text-editor.elementor-drop-cap-view-stacked .elementor-drop-cap{background-color:#69727d;color:#fff}.elementor-widget-text-editor.elementor-drop-cap-view-framed .elementor-drop-cap{color:#69727d;border:3px solid;background-color:transparent}.elementor-widget-text-editor:not(.elementor-drop-cap-view-default) .elementor-drop-cap{margin-top:8px}.elementor-widget-text-editor:not(.elementor-drop-cap-view-default) .elementor-drop-cap-letter{width:1em;height:1em}.elementor-widget-text-editor .elementor-drop-cap{float:left;text-align:center;line-height:1;font-size:50px}.elementor-widget-text-editor .elementor-drop-cap-letter{display:inline-block}<\/style>\t\t\t\t<p>L&rsquo;association GIC-SOLAIRE ELPC porte ce projet avec un v\u00e9ritable engagement et une volont\u00e9 sinc\u00e8re de contribuer au d\u00e9veloppement des comp\u00e9tences des jeunes dans le domaine des \u00e9nergies renouvelables. Consciente des enjeux environnementaux et soci\u00e9taux auxquels notre soci\u00e9t\u00e9 fait face, elle souhaite offrir aux jeunes g\u00e9n\u00e9rations les moyens de se former, de s&rsquo;outiller et de se positionner comme de futurs acteurs cl\u00e9s de la transition \u00e9cologique. Au-del\u00e0 du simple transfert de connaissances techniques, l&rsquo;organisation entend cr\u00e9er un v\u00e9ritable \u00e9cosyst\u00e8me d&rsquo;innovation et d&rsquo;entrepreneuriat autour de l&rsquo;\u00e9nergie solaire, permettant aux participants de donner vie \u00e0 leurs id\u00e9es et projets. Ce projet s&rsquo;inscrit ainsi dans une d\u00e9marche durable et responsable, anim\u00e9e par un esprit de service public et de solidarit\u00e9 envers la jeunesse. L&rsquo;organisation fait preuve d&rsquo;une vision \u00e0 long terme, pla\u00e7ant l&rsquo;int\u00e9r\u00eat collectif et l&rsquo;avenir de la plan\u00e8te au c\u0153ur de ses priorit\u00e9s.<\/p>\t\t\t\t\t\t<\/div>\n\t\t\t\t<\/div>\n\t\t\t\t<\/div>\n\t\t<div class=\"elementor-element elementor-element-e6595c2 e-con-full e-flex e-con e-child\" data-id=\"e6595c2\" data-element_type=\"container\">\n\t\t\t\t<div class=\"elementor-element elementor-element-24e9af3 elementor-widget elementor-widget-image\" data-id=\"24e9af3\" data-element_type=\"widget\" data-widget_type=\"image.default\">\n\t\t\t\t<div class=\"elementor-widget-container\">\n\t\t\t<style>\/*! elementor - v3.20.0 - 26-03-2024 *\/\n.elementor-widget-image{text-align:center}.elementor-widget-image a{display:inline-block}.elementor-widget-image a img[src$=\".svg\"]{width:48px}.elementor-widget-image img{vertical-align:middle;display:inline-block}<\/style>\t\t\t\t\t\t\t\t\t\t<img fetchpriority=\"high\" decoding=\"async\" width=\"905\" height=\"679\" src=\"https:\/\/gic-solaire-elpc.com\/wp-content\/uploads\/2024\/06\/0.jpg\" class=\"attachment-large size-large wp-image-2142\" alt=\"\" srcset=\"https:\/\/gic-solaire-elpc.com\/wp-content\/uploads\/2024\/06\/0.jpg 905w, https:\/\/gic-solaire-elpc.com\/wp-content\/uploads\/2024\/06\/0-300x225.jpg 300w, https:\/\/gic-solaire-elpc.com\/wp-content\/uploads\/2024\/06\/0-768x576.jpg 768w, https:\/\/gic-solaire-elpc.com\/wp-content\/uploads\/2024\/06\/0-16x12.jpg 16w, https:\/\/gic-solaire-elpc.com\/wp-content\/uploads\/2024\/06\/0-600x450.jpg 600w\" sizes=\"(max-width: 905px) 100vw, 905px\" \/>\t\t\t\t\t\t\t\t\t\t\t\t\t<\/div>\n\t\t\t\t<\/div>\n\t\t\t\t<\/div>\n\t\t\t\t\t<\/div>\n\t\t\t\t<\/div>\n\t\t<div class=\"elementor-element elementor-element-e0324d4 e-flex e-con-boxed e-con e-parent\" data-id=\"e0324d4\" data-element_type=\"container\" data-settings=\"{&quot;background_background&quot;:&quot;classic&quot;}\" data-core-v316-plus=\"true\">\n\t\t\t\t\t<div class=\"e-con-inner\">\n\t\t\t\t<div class=\"elementor-element elementor-element-98d6fb0 elementor-arrows-position-inside elementor-pagination-position-outside elementor-widget elementor-widget-image-carousel\" data-id=\"98d6fb0\" data-element_type=\"widget\" data-settings=\"{&quot;navigation&quot;:&quot;both&quot;,&quot;autoplay&quot;:&quot;yes&quot;,&quot;pause_on_hover&quot;:&quot;yes&quot;,&quot;pause_on_interaction&quot;:&quot;yes&quot;,&quot;autoplay_speed&quot;:5000,&quot;infinite&quot;:&quot;yes&quot;,&quot;speed&quot;:500}\" data-widget_type=\"image-carousel.default\">\n\t\t\t\t<div class=\"elementor-widget-container\">\n\t\t\t<style>\/*! elementor - v3.20.0 - 26-03-2024 *\/\n.elementor-widget-image-carousel .swiper,.elementor-widget-image-carousel .swiper-container{position:static}.elementor-widget-image-carousel .swiper-container .swiper-slide figure,.elementor-widget-image-carousel .swiper .swiper-slide figure{line-height:inherit}.elementor-widget-image-carousel .swiper-slide{text-align:center}.elementor-image-carousel-wrapper:not(.swiper-container-initialized):not(.swiper-initialized) .swiper-slide{max-width:calc(100% \/ var(--e-image-carousel-slides-to-show, 3))}<\/style>\t\t<div class=\"elementor-image-carousel-wrapper swiper\" dir=\"ltr\">\n\t\t\t<div class=\"elementor-image-carousel swiper-wrapper\" aria-live=\"off\">\n\t\t\t\t\t\t\t\t<div class=\"swiper-slide\" role=\"group\" aria-roledescription=\"slide\" aria-label=\"1 sur 5\"><figure class=\"swiper-slide-inner\"><img decoding=\"async\" class=\"swiper-slide-image\" src=\"https:\/\/gic-solaire-elpc.com\/wp-content\/uploads\/2025\/06\/Ausbildungszentrum.d.jpg\" alt=\"Ausbildungszentrum.d\" \/><\/figure><\/div><div class=\"swiper-slide\" role=\"group\" aria-roledescription=\"slide\" aria-label=\"2 sur 5\"><figure class=\"swiper-slide-inner\"><img decoding=\"async\" class=\"swiper-slide-image\" src=\"https:\/\/gic-solaire-elpc.com\/wp-content\/uploads\/2025\/06\/Ausbildungszentrum-1080x700.jpg\" alt=\"Ausbildungszentrum\" \/><\/figure><\/div><div class=\"swiper-slide\" role=\"group\" aria-roledescription=\"slide\" aria-label=\"3 sur 5\"><figure class=\"swiper-slide-inner\"><img decoding=\"async\" class=\"swiper-slide-image\" src=\"https:\/\/gic-solaire-elpc.com\/wp-content\/uploads\/2025\/06\/Ausbildungszentruma-1080x700.jpg\" alt=\"Ausbildungszentruma\" \/><\/figure><\/div><div class=\"swiper-slide\" role=\"group\" aria-roledescription=\"slide\" aria-label=\"4 sur 5\"><figure class=\"swiper-slide-inner\"><img decoding=\"async\" class=\"swiper-slide-image\" src=\"https:\/\/gic-solaire-elpc.com\/wp-content\/uploads\/2025\/06\/Ausbildungszentrum1-1080x700.jpg\" alt=\"Ausbildungszentrum1\" \/><\/figure><\/div><div class=\"swiper-slide\" role=\"group\" aria-roledescription=\"slide\" aria-label=\"5 sur 5\"><figure class=\"swiper-slide-inner\"><img decoding=\"async\" class=\"swiper-slide-image\" src=\"https:\/\/gic-solaire-elpc.com\/wp-content\/uploads\/2025\/06\/Ausbildungszentrumc-1080x700.jpg\" alt=\"Ausbildungszentrumc\" \/><\/figure><\/div>\t\t\t<\/div>\n\t\t\t\t\t\t\t\t\t\t\t\t<div class=\"elementor-swiper-button elementor-swiper-button-prev\" role=\"button\" tabindex=\"0\">\n\t\t\t\t\t\t<svg aria-hidden=\"true\" class=\"e-font-icon-svg e-eicon-chevron-left\" viewBox=\"0 0 1000 1000\" xmlns=\"http:\/\/www.w3.org\/2000\/svg\"><path d=\"M646 125C629 125 613 133 604 142L308 442C296 454 292 471 292 487 292 504 296 521 308 533L604 854C617 867 629 875 646 875 663 875 679 871 692 858 704 846 713 829 713 812 713 796 708 779 692 767L438 487 692 225C700 217 708 204 708 187 708 171 704 154 692 142 675 129 663 125 646 125Z\"><\/path><\/svg>\t\t\t\t\t<\/div>\n\t\t\t\t\t<div class=\"elementor-swiper-button elementor-swiper-button-next\" role=\"button\" tabindex=\"0\">\n\t\t\t\t\t\t<svg aria-hidden=\"true\" class=\"e-font-icon-svg e-eicon-chevron-right\" viewBox=\"0 0 1000 1000\" xmlns=\"http:\/\/www.w3.org\/2000\/svg\"><path d=\"M696 533C708 521 713 504 713 487 713 471 708 454 696 446L400 146C388 133 375 125 354 125 338 125 325 129 313 142 300 154 292 171 292 187 292 204 296 221 308 233L563 492 304 771C292 783 288 800 288 817 288 833 296 850 308 863 321 871 338 875 354 875 371 875 388 867 400 854L696 533Z\"><\/path><\/svg>\t\t\t\t\t<\/div>\n\t\t\t\t\n\t\t\t\t\t\t\t\t\t<div class=\"swiper-pagination\"><\/div>\n\t\t\t\t\t\t\t\t\t<\/div>\n\t\t\t\t<\/div>\n\t\t\t\t<\/div>\n\t\t\t\t\t<\/div>\n\t\t\t\t<\/div>\n\t\t<div class=\"elementor-element elementor-element-46dc6b6 e-flex e-con-boxed e-con e-parent\" data-id=\"46dc6b6\" data-element_type=\"container\" data-settings=\"{&quot;background_background&quot;:&quot;classic&quot;}\" data-core-v316-plus=\"true\">\n\t\t\t\t\t<div class=\"e-con-inner\">\n\t\t\t\t<div class=\"elementor-element elementor-element-c08b06b elementor-widget elementor-widget-text-editor\" data-id=\"c08b06b\" data-element_type=\"widget\" data-widget_type=\"text-editor.default\">\n\t\t\t\t<div class=\"elementor-widget-container\">\n\t\t\t\t\t\t\t<p data-sourcepos=\"5:1-5:215\">On est super fiers de vous parler de notre projet actuel : on construit un <strong>centre de formation professionnelle d\u00e9di\u00e9 aux m\u00e9tiers verts<\/strong> \u00e0 <strong>B\u00f4tbadjang, dans l&rsquo;arrondissement de Ndom, Sanaga Maritime, Littoral<\/strong> !<\/p><hr data-sourcepos=\"7:1-7:3\" \/><h3 data-sourcepos=\"9:1-9:24\">Pourquoi ce Centre ?<\/h3><p data-sourcepos=\"11:1-11:164\">Ce centre, c&rsquo;est notre fa\u00e7on de pr\u00e9parer les jeunes \u00e0 un avenir durable. On y apprendra des comp\u00e9tences qui comptent pour l&rsquo;environnement et qui cr\u00e9ent des emplois.<\/p><hr data-sourcepos=\"13:1-13:3\" \/><h3 data-sourcepos=\"15:1-15:21\">Fili\u00e8res d&rsquo;Avenir<\/h3><p data-sourcepos=\"17:1-17:57\">Les formations seront ax\u00e9es sur des domaines cl\u00e9s comme :<\/p><ul data-sourcepos=\"18:1-22:0\"><li data-sourcepos=\"18:1-18:75\"><strong>\u00c9nergie Solaire :<\/strong> Pour installer et entretenir des panneaux solaires.<\/li><li data-sourcepos=\"19:1-19:70\"><strong>Agriculture Durable :<\/strong> Pour cultiver mieux et respecter la terre.<\/li><li data-sourcepos=\"20:1-20:82\"><strong>\u00c9levage \u00c9cologique :<\/strong> Pour des pratiques d&rsquo;\u00e9levage modernes et respectueuses.<\/li><li data-sourcepos=\"21:1-22:0\"><em>Et d&rsquo;autres fili\u00e8res \u00e0 venir !<\/em><\/li><\/ul><hr data-sourcepos=\"23:1-23:3\" \/><h3 data-sourcepos=\"25:1-25:37\">B\u00f4tbadjang : Un Choix Strat\u00e9gique<\/h3><p data-sourcepos=\"27:1-27:180\">On a choisi <strong>B\u00f4tbadjang<\/strong> pour son potentiel et pour apporter des opportunit\u00e9s directement aux communaut\u00e9s locales. Ce centre sera un moteur de d\u00e9veloppement pour toute la r\u00e9gion.<\/p><p data-sourcepos=\"29:1-29:71\">Restez connect\u00e9s, on vous tiendra au courant de l&rsquo;avanc\u00e9e des travaux !<\/p>\t\t\t\t\t\t<\/div>\n\t\t\t\t<\/div>\n\t\t\t\t\t<\/div>\n\t\t\t\t<\/div>\n\t\t\t\t<\/div>\n\t\t","protected":false},"excerpt":{"rendered":"<p>CREATION D&rsquo;UN CENTRE DE FORMATION L&rsquo;association GIC-SOLAIRE ELPC porte ce projet avec un v\u00e9ritable engagement et une volont\u00e9 sinc\u00e8re de contribuer au d\u00e9veloppement des comp\u00e9tences des jeunes dans le domaine des \u00e9nergies renouvelables. Consciente des enjeux environnementaux et soci\u00e9taux auxquels notre soci\u00e9t\u00e9 fait face, elle souhaite offrir aux jeunes g\u00e9n\u00e9rations les moyens de se former, [&hellip;]<\/p>\n","protected":false},"author":1,"featured_media":0,"parent":0,"menu_order":0,"comment_status":"closed","ping_status":"closed","template":"","meta":{"ocean_post_layout":"","ocean_both_sidebars_style":"","ocean_both_sidebars_content_width":0,"ocean_both_sidebars_sidebars_width":0,"ocean_sidebar":"","ocean_second_sidebar":"","ocean_disable_margins":"enable","ocean_add_body_class":"","ocean_shortcode_before_top_bar":"","ocean_shortcode_after_top_bar":"","ocean_shortcode_before_header":"","ocean_shortcode_after_header":"","ocean_has_shortcode":"","ocean_shortcode_after_title":"","ocean_shortcode_before_footer_widgets":"","ocean_shortcode_after_footer_widgets":"","ocean_shortcode_before_footer_bottom":"","ocean_shortcode_after_footer_bottom":"","ocean_display_top_bar":"default","ocean_display_header":"default","ocean_header_style":"","ocean_center_header_left_menu":"","ocean_custom_header_template":"","ocean_custom_logo":0,"ocean_custom_retina_logo":0,"ocean_custom_logo_max_width":0,"ocean_custom_logo_tablet_max_width":0,"ocean_custom_logo_mobile_max_width":0,"ocean_custom_logo_max_height":0,"ocean_custom_logo_tablet_max_height":0,"ocean_custom_logo_mobile_max_height":0,"ocean_header_custom_menu":"","ocean_menu_typo_font_family":"","ocean_menu_typo_font_subset":"","ocean_menu_typo_font_size":0,"ocean_menu_typo_font_size_tablet":0,"ocean_menu_typo_font_size_mobile":0,"ocean_menu_typo_font_size_unit":"px","ocean_menu_typo_font_weight":"","ocean_menu_typo_font_weight_tablet":"","ocean_menu_typo_font_weight_mobile":"","ocean_menu_typo_transform":"","ocean_menu_typo_transform_tablet":"","ocean_menu_typo_transform_mobile":"","ocean_menu_typo_line_height":0,"ocean_menu_typo_line_height_tablet":0,"ocean_menu_typo_line_height_mobile":0,"ocean_menu_typo_line_height_unit":"","ocean_menu_typo_spacing":0,"ocean_menu_typo_spacing_tablet":0,"ocean_menu_typo_spacing_mobile":0,"ocean_menu_typo_spacing_unit":"","ocean_menu_link_color":"","ocean_menu_link_color_hover":"","ocean_menu_link_color_active":"","ocean_menu_link_background":"","ocean_menu_link_hover_background":"","ocean_menu_link_active_background":"","ocean_menu_social_links_bg":"","ocean_menu_social_hover_links_bg":"","ocean_menu_social_links_color":"","ocean_menu_social_hover_links_color":"","ocean_disable_title":"default","ocean_disable_heading":"default","ocean_post_title":"","ocean_post_subheading":"","ocean_post_title_style":"","ocean_post_title_background_color":"","ocean_post_title_background":0,"ocean_post_title_bg_image_position":"","ocean_post_title_bg_image_attachment":"","ocean_post_title_bg_image_repeat":"","ocean_post_title_bg_image_size":"","ocean_post_title_height":0,"ocean_post_title_bg_overlay":0.5,"ocean_post_title_bg_overlay_color":"","ocean_disable_breadcrumbs":"default","ocean_breadcrumbs_color":"","ocean_breadcrumbs_separator_color":"","ocean_breadcrumbs_links_color":"","ocean_breadcrumbs_links_hover_color":"","ocean_display_footer_widgets":"default","ocean_display_footer_bottom":"default","ocean_custom_footer_template":"","footnotes":""},"class_list":["post-672","page","type-page","status-publish","hentry","entry","owp-thumbs-layout-horizontal","owp-btn-normal","owp-tabs-layout-horizontal","has-no-thumbnails","has-product-nav"],"yoast_head":"<!-- This site is optimized with the Yoast SEO plugin v22.4 - https:\/\/yoast.com\/wordpress\/plugins\/seo\/ -->\n<title>Projets en Cours - Boutique<\/title>\n<meta name=\"robots\" content=\"index, follow, max-snippet:-1, max-image-preview:large, max-video-preview:-1\" \/>\n<link rel=\"canonical\" href=\"https:\/\/gic-solaire-elpc.com\/fr\/projets-cours\/\" \/>\n<meta property=\"og:locale\" content=\"fr_FR\" \/>\n<meta property=\"og:type\" content=\"article\" \/>\n<meta property=\"og:title\" content=\"Projets en Cours - Boutique\" \/>\n<meta property=\"og:description\" content=\"CREATION D&rsquo;UN CENTRE DE FORMATION L&rsquo;association GIC-SOLAIRE ELPC porte ce projet avec un v\u00e9ritable engagement et une volont\u00e9 sinc\u00e8re de contribuer au d\u00e9veloppement des comp\u00e9tences des jeunes dans le domaine des \u00e9nergies renouvelables. Consciente des enjeux environnementaux et soci\u00e9taux auxquels notre soci\u00e9t\u00e9 fait face, elle souhaite offrir aux jeunes g\u00e9n\u00e9rations les moyens de se former, [&hellip;]\" \/>\n<meta property=\"og:url\" content=\"https:\/\/gic-solaire-elpc.com\/fr\/projets-cours\/\" \/>\n<meta property=\"og:site_name\" content=\"Boutique\" \/>\n<meta property=\"article:modified_time\" content=\"2025-06-17T18:15:30+00:00\" \/>\n<meta property=\"og:image\" content=\"https:\/\/gic-solaire-elpc.com\/wp-content\/uploads\/2024\/06\/0.jpg\" \/>\n<meta name=\"twitter:card\" content=\"summary_large_image\" \/>\n<meta name=\"twitter:label1\" content=\"Dur\u00e9e de lecture estim\u00e9e\" \/>\n\t<meta name=\"twitter:data1\" content=\"4 minutes\" \/>\n<script type=\"application\/ld+json\" class=\"yoast-schema-graph\">{\"@context\":\"https:\/\/schema.org\",\"@graph\":[{\"@type\":\"WebPage\",\"@id\":\"https:\/\/gic-solaire-elpc.com\/projets-cours\/\",\"url\":\"https:\/\/gic-solaire-elpc.com\/projets-cours\/\",\"name\":\"Projets en Cours - Boutique\",\"isPartOf\":{\"@id\":\"https:\/\/gic-solaire-elpc.com\/#website\"},\"primaryImageOfPage\":{\"@id\":\"https:\/\/gic-solaire-elpc.com\/projets-cours\/#primaryimage\"},\"image\":{\"@id\":\"https:\/\/gic-solaire-elpc.com\/projets-cours\/#primaryimage\"},\"thumbnailUrl\":\"https:\/\/gic-solaire-elpc.com\/wp-content\/uploads\/2024\/06\/0.jpg\",\"datePublished\":\"2024-04-09T14:24:07+00:00\",\"dateModified\":\"2025-06-17T18:15:30+00:00\",\"breadcrumb\":{\"@id\":\"https:\/\/gic-solaire-elpc.com\/projets-cours\/#breadcrumb\"},\"inLanguage\":\"fr-FR\",\"potentialAction\":[{\"@type\":\"ReadAction\",\"target\":[\"https:\/\/gic-solaire-elpc.com\/projets-cours\/\"]}]},{\"@type\":\"ImageObject\",\"inLanguage\":\"fr-FR\",\"@id\":\"https:\/\/gic-solaire-elpc.com\/projets-cours\/#primaryimage\",\"url\":\"https:\/\/gic-solaire-elpc.com\/wp-content\/uploads\/2024\/06\/0.jpg\",\"contentUrl\":\"https:\/\/gic-solaire-elpc.com\/wp-content\/uploads\/2024\/06\/0.jpg\"},{\"@type\":\"BreadcrumbList\",\"@id\":\"https:\/\/gic-solaire-elpc.com\/projets-cours\/#breadcrumb\",\"itemListElement\":[{\"@type\":\"ListItem\",\"position\":1,\"name\":\"Home\",\"item\":\"https:\/\/gic-solaire-elpc.com\/\"},{\"@type\":\"ListItem\",\"position\":2,\"name\":\"Projets en Cours\"}]},{\"@type\":\"WebSite\",\"@id\":\"https:\/\/gic-solaire-elpc.com\/#website\",\"url\":\"https:\/\/gic-solaire-elpc.com\/\",\"name\":\"Boutique\",\"description\":\"\",\"publisher\":{\"@id\":\"https:\/\/gic-solaire-elpc.com\/#organization\"},\"potentialAction\":[{\"@type\":\"SearchAction\",\"target\":{\"@type\":\"EntryPoint\",\"urlTemplate\":\"https:\/\/gic-solaire-elpc.com\/?s={search_term_string}\"},\"query-input\":\"required name=search_term_string\"}],\"inLanguage\":\"fr-FR\"},{\"@type\":\"Organization\",\"@id\":\"https:\/\/gic-solaire-elpc.com\/#organization\",\"name\":\"Boutique\",\"url\":\"https:\/\/gic-solaire-elpc.com\/\",\"logo\":{\"@type\":\"ImageObject\",\"inLanguage\":\"fr-FR\",\"@id\":\"https:\/\/gic-solaire-elpc.com\/#\/schema\/logo\/image\/\",\"url\":\"https:\/\/gic-solaire-elpc.com\/wp-content\/uploads\/2024\/04\/cropped-cropped-Capture_d_ecran_2024-04-18_a_16.52.48-removebg-preview.png\",\"contentUrl\":\"https:\/\/gic-solaire-elpc.com\/wp-content\/uploads\/2024\/04\/cropped-cropped-Capture_d_ecran_2024-04-18_a_16.52.48-removebg-preview.png\",\"width\":902,\"height\":157,\"caption\":\"Boutique\"},\"image\":{\"@id\":\"https:\/\/gic-solaire-elpc.com\/#\/schema\/logo\/image\/\"}}]}<\/script>\n<!-- \/ Yoast SEO plugin. -->","yoast_head_json":{"title":"Projets en Cours - Boutique","robots":{"index":"index","follow":"follow","max-snippet":"max-snippet:-1","max-image-preview":"max-image-preview:large","max-video-preview":"max-video-preview:-1"},"canonical":"https:\/\/gic-solaire-elpc.com\/fr\/projets-cours\/","og_locale":"fr_FR","og_type":"article","og_title":"Projets en Cours - Boutique","og_description":"CREATION D&rsquo;UN CENTRE DE FORMATION L&rsquo;association GIC-SOLAIRE ELPC porte ce projet avec un v\u00e9ritable engagement et une volont\u00e9 sinc\u00e8re de contribuer au d\u00e9veloppement des comp\u00e9tences des jeunes dans le domaine des \u00e9nergies renouvelables. Consciente des enjeux environnementaux et soci\u00e9taux auxquels notre soci\u00e9t\u00e9 fait face, elle souhaite offrir aux jeunes g\u00e9n\u00e9rations les moyens de se former, [&hellip;]","og_url":"https:\/\/gic-solaire-elpc.com\/fr\/projets-cours\/","og_site_name":"Boutique","article_modified_time":"2025-06-17T18:15:30+00:00","og_image":[{"url":"https:\/\/gic-solaire-elpc.com\/wp-content\/uploads\/2024\/06\/0.jpg"}],"twitter_card":"summary_large_image","twitter_misc":{"Dur\u00e9e de lecture estim\u00e9e":"4 minutes"},"schema":{"@context":"https:\/\/schema.org","@graph":[{"@type":"WebPage","@id":"https:\/\/gic-solaire-elpc.com\/projets-cours\/","url":"https:\/\/gic-solaire-elpc.com\/projets-cours\/","name":"Projets en Cours - Boutique","isPartOf":{"@id":"https:\/\/gic-solaire-elpc.com\/#website"},"primaryImageOfPage":{"@id":"https:\/\/gic-solaire-elpc.com\/projets-cours\/#primaryimage"},"image":{"@id":"https:\/\/gic-solaire-elpc.com\/projets-cours\/#primaryimage"},"thumbnailUrl":"https:\/\/gic-solaire-elpc.com\/wp-content\/uploads\/2024\/06\/0.jpg","datePublished":"2024-04-09T14:24:07+00:00","dateModified":"2025-06-17T18:15:30+00:00","breadcrumb":{"@id":"https:\/\/gic-solaire-elpc.com\/projets-cours\/#breadcrumb"},"inLanguage":"fr-FR","potentialAction":[{"@type":"ReadAction","target":["https:\/\/gic-solaire-elpc.com\/projets-cours\/"]}]},{"@type":"ImageObject","inLanguage":"fr-FR","@id":"https:\/\/gic-solaire-elpc.com\/projets-cours\/#primaryimage","url":"https:\/\/gic-solaire-elpc.com\/wp-content\/uploads\/2024\/06\/0.jpg","contentUrl":"https:\/\/gic-solaire-elpc.com\/wp-content\/uploads\/2024\/06\/0.jpg"},{"@type":"BreadcrumbList","@id":"https:\/\/gic-solaire-elpc.com\/projets-cours\/#breadcrumb","itemListElement":[{"@type":"ListItem","position":1,"name":"Home","item":"https:\/\/gic-solaire-elpc.com\/"},{"@type":"ListItem","position":2,"name":"Projets en Cours"}]},{"@type":"WebSite","@id":"https:\/\/gic-solaire-elpc.com\/#website","url":"https:\/\/gic-solaire-elpc.com\/","name":"Boutique","description":"","publisher":{"@id":"https:\/\/gic-solaire-elpc.com\/#organization"},"potentialAction":[{"@type":"SearchAction","target":{"@type":"EntryPoint","urlTemplate":"https:\/\/gic-solaire-elpc.com\/?s={search_term_string}"},"query-input":"required name=search_term_string"}],"inLanguage":"fr-FR"},{"@type":"Organization","@id":"https:\/\/gic-solaire-elpc.com\/#organization","name":"Boutique","url":"https:\/\/gic-solaire-elpc.com\/","logo":{"@type":"ImageObject","inLanguage":"fr-FR","@id":"https:\/\/gic-solaire-elpc.com\/#\/schema\/logo\/image\/","url":"https:\/\/gic-solaire-elpc.com\/wp-content\/uploads\/2024\/04\/cropped-cropped-Capture_d_ecran_2024-04-18_a_16.52.48-removebg-preview.png","contentUrl":"https:\/\/gic-solaire-elpc.com\/wp-content\/uploads\/2024\/04\/cropped-cropped-Capture_d_ecran_2024-04-18_a_16.52.48-removebg-preview.png","width":902,"height":157,"caption":"Boutique"},"image":{"@id":"https:\/\/gic-solaire-elpc.com\/#\/schema\/logo\/image\/"}}]}},"_links":{"self":[{"href":"https:\/\/gic-solaire-elpc.com\/fr\/wp-json\/wp\/v2\/pages\/672","targetHints":{"allow":["GET"]}}],"collection":[{"href":"https:\/\/gic-solaire-elpc.com\/fr\/wp-json\/wp\/v2\/pages"}],"about":[{"href":"https:\/\/gic-solaire-elpc.com\/fr\/wp-json\/wp\/v2\/types\/page"}],"author":[{"embeddable":true,"href":"https:\/\/gic-solaire-elpc.com\/fr\/wp-json\/wp\/v2\/users\/1"}],"replies":[{"embeddable":true,"href":"https:\/\/gic-solaire-elpc.com\/fr\/wp-json\/wp\/v2\/comments?post=672"}],"version-history":[{"count":53,"href":"https:\/\/gic-solaire-elpc.com\/fr\/wp-json\/wp\/v2\/pages\/672\/revisions"}],"predecessor-version":[{"id":2256,"href":"https:\/\/gic-solaire-elpc.com\/fr\/wp-json\/wp\/v2\/pages\/672\/revisions\/2256"}],"wp:attachment":[{"href":"https:\/\/gic-solaire-elpc.com\/fr\/wp-json\/wp\/v2\/media?parent=672"}],"curies":[{"name":"wp","href":"https:\/\/api.w.org\/{rel}","templated":true}]}}