{"id":24,"date":"2023-11-27T11:57:19","date_gmt":"2023-11-27T11:57:19","guid":{"rendered":"https:\/\/sparterobotics.com\/ext\/?page_id=24"},"modified":"2024-04-23T16:50:44","modified_gmt":"2024-04-23T16:50:44","slug":"notre-organisation","status":"publish","type":"page","link":"https:\/\/gic-solaire-elpc.com\/fr\/notre-organisation\/","title":{"rendered":"Notre organisation"},"content":{"rendered":"\t\t<div data-elementor-type=\"wp-page\" data-elementor-id=\"24\" class=\"elementor elementor-24\">\n\t\t\t\t<div class=\"elementor-element elementor-element-25313b4 e-flex e-con-boxed e-con e-parent\" data-id=\"25313b4\" data-element_type=\"container\" data-settings=\"{&quot;background_background&quot;:&quot;classic&quot;}\" data-core-v316-plus=\"true\">\n\t\t\t\t\t<div class=\"e-con-inner\">\n\t\t\t\t<div class=\"elementor-element elementor-element-53d72c4 elementor-widget elementor-widget-heading\" data-id=\"53d72c4\" data-element_type=\"widget\" data-widget_type=\"heading.default\">\n\t\t\t\t<div class=\"elementor-widget-container\">\n\t\t\t<style>\/*! elementor - v3.20.0 - 26-03-2024 *\/\n.elementor-heading-title{padding:0;margin:0;line-height:1}.elementor-widget-heading .elementor-heading-title[class*=elementor-size-]>a{color:inherit;font-size:inherit;line-height:inherit}.elementor-widget-heading .elementor-heading-title.elementor-size-small{font-size:15px}.elementor-widget-heading .elementor-heading-title.elementor-size-medium{font-size:19px}.elementor-widget-heading .elementor-heading-title.elementor-size-large{font-size:29px}.elementor-widget-heading .elementor-heading-title.elementor-size-xl{font-size:39px}.elementor-widget-heading .elementor-heading-title.elementor-size-xxl{font-size:59px}<\/style><h2 class=\"elementor-heading-title elementor-size-default\"><a href=\"https:\/\/gic-solaire-elpc.com\/index.php\/a-propos\/\">Organisations<\/a><\/h2>\t\t<\/div>\n\t\t\t\t<\/div>\n\t\t\t\t\t<\/div>\n\t\t\t\t<\/div>\n\t\t<div class=\"elementor-element elementor-element-a9cd4db e-flex e-con-boxed e-con e-parent\" data-id=\"a9cd4db\" data-element_type=\"container\" data-settings=\"{&quot;background_background&quot;:&quot;classic&quot;}\" data-core-v316-plus=\"true\">\n\t\t\t\t\t<div class=\"e-con-inner\">\n\t\t<div class=\"elementor-element elementor-element-d43ae26 e-con-full e-flex e-con e-child\" data-id=\"d43ae26\" data-element_type=\"container\">\n\t\t\t\t<div class=\"elementor-element elementor-element-60a30b8 elementor-widget__width-initial elementor-widget elementor-widget-image\" data-id=\"60a30b8\" data-element_type=\"widget\" data-widget_type=\"image.default\">\n\t\t\t\t<div class=\"elementor-widget-container\">\n\t\t\t<style>\/*! elementor - v3.20.0 - 26-03-2024 *\/\n.elementor-widget-image{text-align:center}.elementor-widget-image a{display:inline-block}.elementor-widget-image a img[src$=\".svg\"]{width:48px}.elementor-widget-image img{vertical-align:middle;display:inline-block}<\/style>\t\t\t\t\t\t\t\t\t\t<img fetchpriority=\"high\" decoding=\"async\" width=\"1024\" height=\"768\" src=\"https:\/\/gic-solaire-elpc.com\/wp-content\/uploads\/2024\/04\/Ndambog-Solarwasserpumpe-Familiefoto1-super-1024x768.jpg\" class=\"attachment-large size-large wp-image-633\" alt=\"\" srcset=\"https:\/\/gic-solaire-elpc.com\/wp-content\/uploads\/2024\/04\/Ndambog-Solarwasserpumpe-Familiefoto1-super-1024x768.jpg 1024w, https:\/\/gic-solaire-elpc.com\/wp-content\/uploads\/2024\/04\/Ndambog-Solarwasserpumpe-Familiefoto1-super-scaled-600x450.jpg 600w, https:\/\/gic-solaire-elpc.com\/wp-content\/uploads\/2024\/04\/Ndambog-Solarwasserpumpe-Familiefoto1-super-300x225.jpg 300w, https:\/\/gic-solaire-elpc.com\/wp-content\/uploads\/2024\/04\/Ndambog-Solarwasserpumpe-Familiefoto1-super-768x576.jpg 768w, https:\/\/gic-solaire-elpc.com\/wp-content\/uploads\/2024\/04\/Ndambog-Solarwasserpumpe-Familiefoto1-super-1536x1152.jpg 1536w, https:\/\/gic-solaire-elpc.com\/wp-content\/uploads\/2024\/04\/Ndambog-Solarwasserpumpe-Familiefoto1-super-2048x1536.jpg 2048w\" sizes=\"(max-width: 1024px) 100vw, 1024px\" \/>\t\t\t\t\t\t\t\t\t\t\t\t\t<\/div>\n\t\t\t\t<\/div>\n\t\t\t\t<\/div>\n\t\t<div class=\"elementor-element elementor-element-dd7e28d e-con-full e-flex e-con e-child\" data-id=\"dd7e28d\" data-element_type=\"container\">\n\t\t\t\t<div class=\"elementor-element elementor-element-020c797 elementor-widget elementor-widget-heading\" data-id=\"020c797\" data-element_type=\"widget\" data-widget_type=\"heading.default\">\n\t\t\t\t<div class=\"elementor-widget-container\">\n\t\t\t<h2 class=\"elementor-heading-title elementor-size-default\">Bienvenue sur le site du Groupement d'initiative commune solaire e.l.p.c<b data-sider-select-id=\"53266079-abfa-42d3-9fc3-e59ac0ef1186\"><i> <u><span style=\"color:blue\"data-sider-select-id=\"433e082d-5da8-492d-b776-ceaa032f5b33\"><span data-sider-select-id=\"b689d175-18b3-4fd2-a655-f60981218934\">(Electricite et Lumiere pour les pauvres au Cameroun<\/span><\/span>)<\/u><\/i><\/b>  une organisation d\u00e9vou\u00e9e \u00e0 l'\u00e9lectrification des zones rurale et urbaine sur tout l'etendu du territoire au Cameroun gr\u00e2ce \u00e0 l'installation de panneaux solaires.<\/h2>\t\t<\/div>\n\t\t\t\t<\/div>\n\t\t\t\t<div class=\"elementor-element elementor-element-36be2bd elementor-widget elementor-widget-text-editor\" data-id=\"36be2bd\" data-element_type=\"widget\" data-widget_type=\"text-editor.default\">\n\t\t\t\t<div class=\"elementor-widget-container\">\n\t\t\t<style>\/*! elementor - v3.20.0 - 26-03-2024 *\/\n.elementor-widget-text-editor.elementor-drop-cap-view-stacked .elementor-drop-cap{background-color:#69727d;color:#fff}.elementor-widget-text-editor.elementor-drop-cap-view-framed .elementor-drop-cap{color:#69727d;border:3px solid;background-color:transparent}.elementor-widget-text-editor:not(.elementor-drop-cap-view-default) .elementor-drop-cap{margin-top:8px}.elementor-widget-text-editor:not(.elementor-drop-cap-view-default) .elementor-drop-cap-letter{width:1em;height:1em}.elementor-widget-text-editor .elementor-drop-cap{float:left;text-align:center;line-height:1;font-size:50px}.elementor-widget-text-editor .elementor-drop-cap-letter{display:inline-block}<\/style>\t\t\t\t<p>Chez GIC-Solaire, nous croyons fermement \u00e0 l&rsquo;acc\u00e8s \u00e0 l&rsquo;\u00e9nergie propre et durable pour tous. Malheureusement, de nombreuses communaut\u00e9s rurales et isol\u00e9es au Cameroun sont encore priv\u00e9es de l&rsquo;\u00e9lectricit\u00e9, entravant leur d\u00e9veloppement socio-\u00e9conomique et leur bien-\u00eatre. C&rsquo;est pourquoi nous avons fond\u00e9 GIC-Solaire, dans le but de changer cette r\u00e9alit\u00e9 et d&rsquo;apporter la lumi\u00e8re l\u00e0 o\u00f9 elle est le plus n\u00e9cessaire.<\/p><p>Notre \u00e9quipe passionn\u00e9e est compos\u00e9e d&rsquo;experts en \u00e9nergie solaire et de professionnels engag\u00e9s, tous d\u00e9termin\u00e9s \u00e0 faire une diff\u00e9rence concr\u00e8te dans la vie des personnes vivant dans les zones recul\u00e9es. Nous concevons et mettons en \u0153uvre des projets d&rsquo;\u00e9lectrification solaire adapt\u00e9s aux besoins sp\u00e9cifiques de chaque communaut\u00e9, en veillant \u00e0 ce que nos interventions soient durables, abordables et b\u00e9n\u00e9fiques sur le long terme.<\/p>\t\t\t\t\t\t<\/div>\n\t\t\t\t<\/div>\n\t\t\t\t<\/div>\n\t\t\t\t\t<\/div>\n\t\t\t\t<\/div>\n\t\t<div class=\"elementor-element elementor-element-4830a91 e-flex e-con-boxed e-con e-parent\" data-id=\"4830a91\" data-element_type=\"container\" data-settings=\"{&quot;background_background&quot;:&quot;classic&quot;}\" data-core-v316-plus=\"true\">\n\t\t\t\t\t<div class=\"e-con-inner\">\n\t\t<div class=\"elementor-element elementor-element-da8e69d e-con-full e-flex e-con e-child\" data-id=\"da8e69d\" data-element_type=\"container\">\n\t\t\t\t<div class=\"elementor-element elementor-element-790a21d elementor-widget elementor-widget-text-editor\" data-id=\"790a21d\" data-element_type=\"widget\" data-widget_type=\"text-editor.default\">\n\t\t\t\t<div class=\"elementor-widget-container\">\n\t\t\t\t\t\t\t<p>Gr\u00e2ce \u00e0 notre approche participative, nous travaillons en \u00e9troite collaboration avec les communaut\u00e9s locales pour comprendre leurs besoins, leurs aspirations et leurs d\u00e9fis. Nous croyons en l&rsquo;autonomisation des communaut\u00e9s, et nos projets sont con\u00e7us pour favoriser leur engagement actif et leur appropriation. Nous fournissons des formations sur l&rsquo;entretien des panneaux solaires, encourageons l&rsquo;entrepreneuriat local dans le domaine de l&rsquo;\u00e9nergie solaire et cr\u00e9ons des opportunit\u00e9s \u00e9conomiques durables.<\/p><p>Depuis notre cr\u00e9ation, nous avons r\u00e9alis\u00e9 de nombreux projets r\u00e9ussis, apportant la lumi\u00e8re et l&rsquo;\u00e9nergie \u00e0 des \u00e9coles, des centres de sant\u00e9, des foyers, des coop\u00e9ratives agricoles et d&rsquo;autres infrastructures vitales. Nous avons pu constater de premi\u00e8re main l&rsquo;impact positif de l&rsquo;\u00e9nergie solaire sur la vie des individus, am\u00e9liorant leur acc\u00e8s \u00e0 l&rsquo;\u00e9ducation, aux soins de sant\u00e9, \u00e0 la communication et aux opportunit\u00e9s \u00e9conomiques.<\/p><p>Cependant, notre travail est loin d&rsquo;\u00eatre termin\u00e9. Il reste encore de nombreuses communaut\u00e9s qui attendent d&rsquo;\u00eatre connect\u00e9es \u00e0 l&rsquo;\u00e9nergie solaire, et nous sommes d\u00e9termin\u00e9s \u00e0 poursuivre nos efforts pour \u00e9largir notre port\u00e9e et faire une diff\u00e9rence encore plus grande.<\/p><p>Rejoignez-nous dans notre mission pour un avenir \u00e9nerg\u00e9tique plus durable et \u00e9quitable.<\/p>\t\t\t\t\t\t<\/div>\n\t\t\t\t<\/div>\n\t\t\t\t<\/div>\n\t\t<div class=\"elementor-element elementor-element-81d44a4 e-con-full e-flex e-con e-child\" data-id=\"81d44a4\" data-element_type=\"container\">\n\t\t\t\t<div class=\"elementor-element elementor-element-d3c5125 elementor-widget elementor-widget-image\" data-id=\"d3c5125\" data-element_type=\"widget\" data-widget_type=\"image.default\">\n\t\t\t\t<div class=\"elementor-widget-container\">\n\t\t\t\t\t\t\t\t\t\t\t\t\t<img decoding=\"async\" width=\"1024\" height=\"683\" src=\"https:\/\/gic-solaire-elpc.com\/wp-content\/uploads\/2024\/04\/Ecole_publique_ndambog_ISC_Etudiants-1024x683.jpg\" class=\"attachment-large size-large wp-image-635\" alt=\"\" srcset=\"https:\/\/gic-solaire-elpc.com\/wp-content\/uploads\/2024\/04\/Ecole_publique_ndambog_ISC_Etudiants-1024x683.jpg 1024w, https:\/\/gic-solaire-elpc.com\/wp-content\/uploads\/2024\/04\/Ecole_publique_ndambog_ISC_Etudiants-scaled-600x400.jpg 600w, https:\/\/gic-solaire-elpc.com\/wp-content\/uploads\/2024\/04\/Ecole_publique_ndambog_ISC_Etudiants-300x200.jpg 300w, https:\/\/gic-solaire-elpc.com\/wp-content\/uploads\/2024\/04\/Ecole_publique_ndambog_ISC_Etudiants-768x512.jpg 768w, https:\/\/gic-solaire-elpc.com\/wp-content\/uploads\/2024\/04\/Ecole_publique_ndambog_ISC_Etudiants-1536x1024.jpg 1536w, https:\/\/gic-solaire-elpc.com\/wp-content\/uploads\/2024\/04\/Ecole_publique_ndambog_ISC_Etudiants-2048x1365.jpg 2048w\" sizes=\"(max-width: 1024px) 100vw, 1024px\" \/>\t\t\t\t\t\t\t\t\t\t\t\t\t<\/div>\n\t\t\t\t<\/div>\n\t\t\t\t<\/div>\n\t\t\t\t\t<\/div>\n\t\t\t\t<\/div>\n\t\t\t\t<\/div>\n\t\t","protected":false},"excerpt":{"rendered":"<p>Organisations Bienvenue sur le site du Groupement d&rsquo;initiative commune solaire e.l.p.c (Electricite et Lumiere pour les pauvres au Cameroun) une organisation d\u00e9vou\u00e9e \u00e0 l&rsquo;\u00e9lectrification des zones rurale et urbaine sur tout l&rsquo;etendu du territoire au Cameroun gr\u00e2ce \u00e0 l&rsquo;installation de panneaux solaires. Chez GIC-Solaire, nous croyons fermement \u00e0 l&rsquo;acc\u00e8s \u00e0 l&rsquo;\u00e9nergie propre et durable pour [&hellip;]<\/p>\n","protected":false},"author":1,"featured_media":0,"parent":0,"menu_order":0,"comment_status":"closed","ping_status":"closed","template":"","meta":{"ocean_post_layout":"","ocean_both_sidebars_style":"","ocean_both_sidebars_content_width":0,"ocean_both_sidebars_sidebars_width":0,"ocean_sidebar":"","ocean_second_sidebar":"","ocean_disable_margins":"enable","ocean_add_body_class":"","ocean_shortcode_before_top_bar":"","ocean_shortcode_after_top_bar":"","ocean_shortcode_before_header":"","ocean_shortcode_after_header":"","ocean_has_shortcode":"","ocean_shortcode_after_title":"","ocean_shortcode_before_footer_widgets":"","ocean_shortcode_after_footer_widgets":"","ocean_shortcode_before_footer_bottom":"","ocean_shortcode_after_footer_bottom":"","ocean_display_top_bar":"default","ocean_display_header":"default","ocean_header_style":"","ocean_center_header_left_menu":"","ocean_custom_header_template":"","ocean_custom_logo":0,"ocean_custom_retina_logo":0,"ocean_custom_logo_max_width":0,"ocean_custom_logo_tablet_max_width":0,"ocean_custom_logo_mobile_max_width":0,"ocean_custom_logo_max_height":0,"ocean_custom_logo_tablet_max_height":0,"ocean_custom_logo_mobile_max_height":0,"ocean_header_custom_menu":"","ocean_menu_typo_font_family":"","ocean_menu_typo_font_subset":"","ocean_menu_typo_font_size":0,"ocean_menu_typo_font_size_tablet":0,"ocean_menu_typo_font_size_mobile":0,"ocean_menu_typo_font_size_unit":"px","ocean_menu_typo_font_weight":"","ocean_menu_typo_font_weight_tablet":"","ocean_menu_typo_font_weight_mobile":"","ocean_menu_typo_transform":"","ocean_menu_typo_transform_tablet":"","ocean_menu_typo_transform_mobile":"","ocean_menu_typo_line_height":0,"ocean_menu_typo_line_height_tablet":0,"ocean_menu_typo_line_height_mobile":0,"ocean_menu_typo_line_height_unit":"","ocean_menu_typo_spacing":0,"ocean_menu_typo_spacing_tablet":0,"ocean_menu_typo_spacing_mobile":0,"ocean_menu_typo_spacing_unit":"","ocean_menu_link_color":"","ocean_menu_link_color_hover":"","ocean_menu_link_color_active":"","ocean_menu_link_background":"","ocean_menu_link_hover_background":"","ocean_menu_link_active_background":"","ocean_menu_social_links_bg":"","ocean_menu_social_hover_links_bg":"","ocean_menu_social_links_color":"","ocean_menu_social_hover_links_color":"","ocean_disable_title":"default","ocean_disable_heading":"default","ocean_post_title":"","ocean_post_subheading":"","ocean_post_title_style":"","ocean_post_title_background_color":"","ocean_post_title_background":0,"ocean_post_title_bg_image_position":"","ocean_post_title_bg_image_attachment":"","ocean_post_title_bg_image_repeat":"","ocean_post_title_bg_image_size":"","ocean_post_title_height":0,"ocean_post_title_bg_overlay":0.5,"ocean_post_title_bg_overlay_color":"","ocean_disable_breadcrumbs":"default","ocean_breadcrumbs_color":"","ocean_breadcrumbs_separator_color":"","ocean_breadcrumbs_links_color":"","ocean_breadcrumbs_links_hover_color":"","ocean_display_footer_widgets":"default","ocean_display_footer_bottom":"default","ocean_custom_footer_template":"","footnotes":""},"class_list":["post-24","page","type-page","status-publish","hentry","entry","owp-thumbs-layout-horizontal","owp-btn-normal","owp-tabs-layout-horizontal","has-no-thumbnails","has-product-nav"],"yoast_head":"<!-- This site is optimized with the Yoast SEO plugin v22.4 - https:\/\/yoast.com\/wordpress\/plugins\/seo\/ -->\n<title>Notre organisation - Boutique<\/title>\n<meta name=\"robots\" content=\"index, follow, max-snippet:-1, max-image-preview:large, max-video-preview:-1\" \/>\n<link rel=\"canonical\" href=\"https:\/\/gic-solaire-elpc.com\/fr\/notre-organisation\/\" \/>\n<meta property=\"og:locale\" content=\"fr_FR\" \/>\n<meta property=\"og:type\" content=\"article\" \/>\n<meta property=\"og:title\" content=\"Notre organisation - Boutique\" \/>\n<meta property=\"og:description\" content=\"Organisations Bienvenue sur le site du Groupement d&rsquo;initiative commune solaire e.l.p.c (Electricite et Lumiere pour les pauvres au Cameroun) une organisation d\u00e9vou\u00e9e \u00e0 l&rsquo;\u00e9lectrification des zones rurale et urbaine sur tout l&rsquo;etendu du territoire au Cameroun gr\u00e2ce \u00e0 l&rsquo;installation de panneaux solaires. Chez GIC-Solaire, nous croyons fermement \u00e0 l&rsquo;acc\u00e8s \u00e0 l&rsquo;\u00e9nergie propre et durable pour [&hellip;]\" \/>\n<meta property=\"og:url\" content=\"https:\/\/gic-solaire-elpc.com\/fr\/notre-organisation\/\" \/>\n<meta property=\"og:site_name\" content=\"Boutique\" \/>\n<meta property=\"article:modified_time\" content=\"2024-04-23T16:50:44+00:00\" \/>\n<meta property=\"og:image\" content=\"https:\/\/gic-solaire-elpc.com\/wp-content\/uploads\/2024\/04\/Ndambog-Solarwasserpumpe-Familiefoto1-super-1024x768.jpg\" \/>\n<meta name=\"twitter:card\" content=\"summary_large_image\" \/>\n<meta name=\"twitter:label1\" content=\"Dur\u00e9e de lecture estim\u00e9e\" \/>\n\t<meta name=\"twitter:data1\" content=\"2 minutes\" \/>\n<script type=\"application\/ld+json\" class=\"yoast-schema-graph\">{\"@context\":\"https:\/\/schema.org\",\"@graph\":[{\"@type\":\"WebPage\",\"@id\":\"https:\/\/gic-solaire-elpc.com\/notre-organisation\/\",\"url\":\"https:\/\/gic-solaire-elpc.com\/notre-organisation\/\",\"name\":\"Notre organisation - Boutique\",\"isPartOf\":{\"@id\":\"https:\/\/gic-solaire-elpc.com\/#website\"},\"primaryImageOfPage\":{\"@id\":\"https:\/\/gic-solaire-elpc.com\/notre-organisation\/#primaryimage\"},\"image\":{\"@id\":\"https:\/\/gic-solaire-elpc.com\/notre-organisation\/#primaryimage\"},\"thumbnailUrl\":\"https:\/\/gic-solaire-elpc.com\/wp-content\/uploads\/2024\/04\/Ndambog-Solarwasserpumpe-Familiefoto1-super-1024x768.jpg\",\"datePublished\":\"2023-11-27T11:57:19+00:00\",\"dateModified\":\"2024-04-23T16:50:44+00:00\",\"breadcrumb\":{\"@id\":\"https:\/\/gic-solaire-elpc.com\/notre-organisation\/#breadcrumb\"},\"inLanguage\":\"fr-FR\",\"potentialAction\":[{\"@type\":\"ReadAction\",\"target\":[\"https:\/\/gic-solaire-elpc.com\/notre-organisation\/\"]}]},{\"@type\":\"ImageObject\",\"inLanguage\":\"fr-FR\",\"@id\":\"https:\/\/gic-solaire-elpc.com\/notre-organisation\/#primaryimage\",\"url\":\"https:\/\/gic-solaire-elpc.com\/wp-content\/uploads\/2024\/04\/Ndambog-Solarwasserpumpe-Familiefoto1-super-1024x768.jpg\",\"contentUrl\":\"https:\/\/gic-solaire-elpc.com\/wp-content\/uploads\/2024\/04\/Ndambog-Solarwasserpumpe-Familiefoto1-super-1024x768.jpg\"},{\"@type\":\"BreadcrumbList\",\"@id\":\"https:\/\/gic-solaire-elpc.com\/notre-organisation\/#breadcrumb\",\"itemListElement\":[{\"@type\":\"ListItem\",\"position\":1,\"name\":\"Home\",\"item\":\"https:\/\/gic-solaire-elpc.com\/\"},{\"@type\":\"ListItem\",\"position\":2,\"name\":\"Notre organisation\"}]},{\"@type\":\"WebSite\",\"@id\":\"https:\/\/gic-solaire-elpc.com\/#website\",\"url\":\"https:\/\/gic-solaire-elpc.com\/\",\"name\":\"Boutique\",\"description\":\"\",\"publisher\":{\"@id\":\"https:\/\/gic-solaire-elpc.com\/#organization\"},\"potentialAction\":[{\"@type\":\"SearchAction\",\"target\":{\"@type\":\"EntryPoint\",\"urlTemplate\":\"https:\/\/gic-solaire-elpc.com\/?s={search_term_string}\"},\"query-input\":\"required name=search_term_string\"}],\"inLanguage\":\"fr-FR\"},{\"@type\":\"Organization\",\"@id\":\"https:\/\/gic-solaire-elpc.com\/#organization\",\"name\":\"Boutique\",\"url\":\"https:\/\/gic-solaire-elpc.com\/\",\"logo\":{\"@type\":\"ImageObject\",\"inLanguage\":\"fr-FR\",\"@id\":\"https:\/\/gic-solaire-elpc.com\/#\/schema\/logo\/image\/\",\"url\":\"https:\/\/gic-solaire-elpc.com\/wp-content\/uploads\/2024\/04\/cropped-cropped-Capture_d_ecran_2024-04-18_a_16.52.48-removebg-preview.png\",\"contentUrl\":\"https:\/\/gic-solaire-elpc.com\/wp-content\/uploads\/2024\/04\/cropped-cropped-Capture_d_ecran_2024-04-18_a_16.52.48-removebg-preview.png\",\"width\":902,\"height\":157,\"caption\":\"Boutique\"},\"image\":{\"@id\":\"https:\/\/gic-solaire-elpc.com\/#\/schema\/logo\/image\/\"}}]}<\/script>\n<!-- \/ Yoast SEO plugin. -->","yoast_head_json":{"title":"Notre organisation - Boutique","robots":{"index":"index","follow":"follow","max-snippet":"max-snippet:-1","max-image-preview":"max-image-preview:large","max-video-preview":"max-video-preview:-1"},"canonical":"https:\/\/gic-solaire-elpc.com\/fr\/notre-organisation\/","og_locale":"fr_FR","og_type":"article","og_title":"Notre organisation - Boutique","og_description":"Organisations Bienvenue sur le site du Groupement d&rsquo;initiative commune solaire e.l.p.c (Electricite et Lumiere pour les pauvres au Cameroun) une organisation d\u00e9vou\u00e9e \u00e0 l&rsquo;\u00e9lectrification des zones rurale et urbaine sur tout l&rsquo;etendu du territoire au Cameroun gr\u00e2ce \u00e0 l&rsquo;installation de panneaux solaires. Chez GIC-Solaire, nous croyons fermement \u00e0 l&rsquo;acc\u00e8s \u00e0 l&rsquo;\u00e9nergie propre et durable pour [&hellip;]","og_url":"https:\/\/gic-solaire-elpc.com\/fr\/notre-organisation\/","og_site_name":"Boutique","article_modified_time":"2024-04-23T16:50:44+00:00","og_image":[{"url":"https:\/\/gic-solaire-elpc.com\/wp-content\/uploads\/2024\/04\/Ndambog-Solarwasserpumpe-Familiefoto1-super-1024x768.jpg"}],"twitter_card":"summary_large_image","twitter_misc":{"Dur\u00e9e de lecture estim\u00e9e":"2 minutes"},"schema":{"@context":"https:\/\/schema.org","@graph":[{"@type":"WebPage","@id":"https:\/\/gic-solaire-elpc.com\/notre-organisation\/","url":"https:\/\/gic-solaire-elpc.com\/notre-organisation\/","name":"Notre organisation - Boutique","isPartOf":{"@id":"https:\/\/gic-solaire-elpc.com\/#website"},"primaryImageOfPage":{"@id":"https:\/\/gic-solaire-elpc.com\/notre-organisation\/#primaryimage"},"image":{"@id":"https:\/\/gic-solaire-elpc.com\/notre-organisation\/#primaryimage"},"thumbnailUrl":"https:\/\/gic-solaire-elpc.com\/wp-content\/uploads\/2024\/04\/Ndambog-Solarwasserpumpe-Familiefoto1-super-1024x768.jpg","datePublished":"2023-11-27T11:57:19+00:00","dateModified":"2024-04-23T16:50:44+00:00","breadcrumb":{"@id":"https:\/\/gic-solaire-elpc.com\/notre-organisation\/#breadcrumb"},"inLanguage":"fr-FR","potentialAction":[{"@type":"ReadAction","target":["https:\/\/gic-solaire-elpc.com\/notre-organisation\/"]}]},{"@type":"ImageObject","inLanguage":"fr-FR","@id":"https:\/\/gic-solaire-elpc.com\/notre-organisation\/#primaryimage","url":"https:\/\/gic-solaire-elpc.com\/wp-content\/uploads\/2024\/04\/Ndambog-Solarwasserpumpe-Familiefoto1-super-1024x768.jpg","contentUrl":"https:\/\/gic-solaire-elpc.com\/wp-content\/uploads\/2024\/04\/Ndambog-Solarwasserpumpe-Familiefoto1-super-1024x768.jpg"},{"@type":"BreadcrumbList","@id":"https:\/\/gic-solaire-elpc.com\/notre-organisation\/#breadcrumb","itemListElement":[{"@type":"ListItem","position":1,"name":"Home","item":"https:\/\/gic-solaire-elpc.com\/"},{"@type":"ListItem","position":2,"name":"Notre organisation"}]},{"@type":"WebSite","@id":"https:\/\/gic-solaire-elpc.com\/#website","url":"https:\/\/gic-solaire-elpc.com\/","name":"Boutique","description":"","publisher":{"@id":"https:\/\/gic-solaire-elpc.com\/#organization"},"potentialAction":[{"@type":"SearchAction","target":{"@type":"EntryPoint","urlTemplate":"https:\/\/gic-solaire-elpc.com\/?s={search_term_string}"},"query-input":"required name=search_term_string"}],"inLanguage":"fr-FR"},{"@type":"Organization","@id":"https:\/\/gic-solaire-elpc.com\/#organization","name":"Boutique","url":"https:\/\/gic-solaire-elpc.com\/","logo":{"@type":"ImageObject","inLanguage":"fr-FR","@id":"https:\/\/gic-solaire-elpc.com\/#\/schema\/logo\/image\/","url":"https:\/\/gic-solaire-elpc.com\/wp-content\/uploads\/2024\/04\/cropped-cropped-Capture_d_ecran_2024-04-18_a_16.52.48-removebg-preview.png","contentUrl":"https:\/\/gic-solaire-elpc.com\/wp-content\/uploads\/2024\/04\/cropped-cropped-Capture_d_ecran_2024-04-18_a_16.52.48-removebg-preview.png","width":902,"height":157,"caption":"Boutique"},"image":{"@id":"https:\/\/gic-solaire-elpc.com\/#\/schema\/logo\/image\/"}}]}},"_links":{"self":[{"href":"https:\/\/gic-solaire-elpc.com\/fr\/wp-json\/wp\/v2\/pages\/24","targetHints":{"allow":["GET"]}}],"collection":[{"href":"https:\/\/gic-solaire-elpc.com\/fr\/wp-json\/wp\/v2\/pages"}],"about":[{"href":"https:\/\/gic-solaire-elpc.com\/fr\/wp-json\/wp\/v2\/types\/page"}],"author":[{"embeddable":true,"href":"https:\/\/gic-solaire-elpc.com\/fr\/wp-json\/wp\/v2\/users\/1"}],"replies":[{"embeddable":true,"href":"https:\/\/gic-solaire-elpc.com\/fr\/wp-json\/wp\/v2\/comments?post=24"}],"version-history":[{"count":22,"href":"https:\/\/gic-solaire-elpc.com\/fr\/wp-json\/wp\/v2\/pages\/24\/revisions"}],"predecessor-version":[{"id":1435,"href":"https:\/\/gic-solaire-elpc.com\/fr\/wp-json\/wp\/v2\/pages\/24\/revisions\/1435"}],"wp:attachment":[{"href":"https:\/\/gic-solaire-elpc.com\/fr\/wp-json\/wp\/v2\/media?parent=24"}],"curies":[{"name":"wp","href":"https:\/\/api.w.org\/{rel}","templated":true}]}}