{"id":348,"date":"2023-11-30T14:03:40","date_gmt":"2023-11-30T14:03:40","guid":{"rendered":"https:\/\/sparterobotics.com\/ext\/?page_id=348"},"modified":"2024-04-23T17:37:24","modified_gmt":"2024-04-23T17:37:24","slug":"nos-membres","status":"publish","type":"page","link":"https:\/\/gic-solaire-elpc.com\/en\/nos-membres\/","title":{"rendered":"Our Members"},"content":{"rendered":"<div data-elementor-type=\"wp-page\" data-elementor-id=\"348\" class=\"elementor elementor-348\">\n\t\t\t\t<div class=\"elementor-element elementor-element-17f23a0 e-flex e-con-boxed e-con e-parent\" data-id=\"17f23a0\" data-element_type=\"container\" data-core-v316-plus=\"true\">\n\t\t\t\t\t<div class=\"e-con-inner\">\n\t\t\t\t<div class=\"elementor-element elementor-element-7762d86 elementor-widget elementor-widget-text-editor\" data-id=\"7762d86\" data-element_type=\"widget\" data-widget_type=\"text-editor.default\">\n\t\t\t\t<div class=\"elementor-widget-container\">\n\t\t\t<style>\/*! elementor - v3.20.0 - 26-03-2024 *\/\n.elementor-widget-text-editor.elementor-drop-cap-view-stacked .elementor-drop-cap{background-color:#69727d;color:#fff}.elementor-widget-text-editor.elementor-drop-cap-view-framed .elementor-drop-cap{color:#69727d;border:3px solid;background-color:transparent}.elementor-widget-text-editor:not(.elementor-drop-cap-view-default) .elementor-drop-cap{margin-top:8px}.elementor-widget-text-editor:not(.elementor-drop-cap-view-default) .elementor-drop-cap-letter{width:1em;height:1em}.elementor-widget-text-editor .elementor-drop-cap{float:left;text-align:center;line-height:1;font-size:50px}.elementor-widget-text-editor .elementor-drop-cap-letter{display:inline-block}<\/style>\t\t\t\t<p>Bienvenue dans notre communaut\u00e9 de membres engag\u00e9s ! Votre r\u00f4le en tant que membre est d&rsquo;une importance capitale pour la r\u00e9alisation de notre mission et l&rsquo;impact que nous souhaitons avoir dans les communaut\u00e9s d\u00e9favoris\u00e9es. En rejoignant notre organisation, vous devenez un v\u00e9ritable agent de changement, contribuant \u00e0 am\u00e9liorer la vie des personnes qui en ont le plus besoin.<\/p><p>Les membres jouent un r\u00f4le essentiel en apportant leurs comp\u00e9tences, leurs id\u00e9es et leur passion pour soutenir nos initiatives. Votre participation active nous permet de mettre en \u0153uvre des projets concrets, de d\u00e9velopper des solutions durables et d&rsquo;\u00e9largir notre port\u00e9e pour toucher davantage de personnes.<\/p><p>En tant que membre, vous aurez l&rsquo;opportunit\u00e9 de travailler en collaboration avec une \u00e9quipe d\u00e9vou\u00e9e partageant les m\u00eames valeurs, d&rsquo;\u00e9changer des connaissances et des exp\u00e9riences enrichissantes, et d&rsquo;avoir un impact r\u00e9el sur la vie des communaut\u00e9s que nous servons.<\/p><p>Chaque membre apporte une contribution unique et pr\u00e9cieuse, que ce soit par le biais de b\u00e9n\u00e9volat, de partage d&rsquo;expertise, de collecte de fonds ou de sensibilisation. Ensemble, nous sommes plus forts et plus capables de surmonter les d\u00e9fis auxquels nous sommes confront\u00e9s.<\/p><p>Rejoignez notre communaut\u00e9 de membres et faites partie de cette force collective qui vise \u00e0 cr\u00e9er un monde plus \u00e9quitable, durable et prosp\u00e8re. Ensemble, nous pouvons v\u00e9ritablement faire la diff\u00e9rence et transformer des vies pour le mieux.<\/p>\t\t\t\t\t\t<\/div>\n\t\t\t\t<\/div>\n\t\t\t\t\t<\/div>\n\t\t\t\t<\/div>\n\t\t\t\t<\/div>","protected":false},"excerpt":{"rendered":"<p>Bienvenue dans notre communaut\u00e9 de membres engag\u00e9s ! Votre r\u00f4le en tant que membre est d&rsquo;une importance capitale pour la r\u00e9alisation de notre mission et l&rsquo;impact que nous souhaitons avoir dans les communaut\u00e9s d\u00e9favoris\u00e9es. En rejoignant notre organisation, vous devenez un v\u00e9ritable agent de changement, contribuant \u00e0 am\u00e9liorer la vie des personnes qui en ont [&hellip;]<\/p>","protected":false},"author":1,"featured_media":0,"parent":0,"menu_order":0,"comment_status":"closed","ping_status":"closed","template":"","meta":{"ocean_post_layout":"","ocean_both_sidebars_style":"","ocean_both_sidebars_content_width":0,"ocean_both_sidebars_sidebars_width":0,"ocean_sidebar":"","ocean_second_sidebar":"","ocean_disable_margins":"enable","ocean_add_body_class":"","ocean_shortcode_before_top_bar":"","ocean_shortcode_after_top_bar":"","ocean_shortcode_before_header":"","ocean_shortcode_after_header":"","ocean_has_shortcode":"","ocean_shortcode_after_title":"","ocean_shortcode_before_footer_widgets":"","ocean_shortcode_after_footer_widgets":"","ocean_shortcode_before_footer_bottom":"","ocean_shortcode_after_footer_bottom":"","ocean_display_top_bar":"default","ocean_display_header":"default","ocean_header_style":"","ocean_center_header_left_menu":"","ocean_custom_header_template":"","ocean_custom_logo":0,"ocean_custom_retina_logo":0,"ocean_custom_logo_max_width":0,"ocean_custom_logo_tablet_max_width":0,"ocean_custom_logo_mobile_max_width":0,"ocean_custom_logo_max_height":0,"ocean_custom_logo_tablet_max_height":0,"ocean_custom_logo_mobile_max_height":0,"ocean_header_custom_menu":"","ocean_menu_typo_font_family":"","ocean_menu_typo_font_subset":"","ocean_menu_typo_font_size":0,"ocean_menu_typo_font_size_tablet":0,"ocean_menu_typo_font_size_mobile":0,"ocean_menu_typo_font_size_unit":"px","ocean_menu_typo_font_weight":"","ocean_menu_typo_font_weight_tablet":"","ocean_menu_typo_font_weight_mobile":"","ocean_menu_typo_transform":"","ocean_menu_typo_transform_tablet":"","ocean_menu_typo_transform_mobile":"","ocean_menu_typo_line_height":0,"ocean_menu_typo_line_height_tablet":0,"ocean_menu_typo_line_height_mobile":0,"ocean_menu_typo_line_height_unit":"","ocean_menu_typo_spacing":0,"ocean_menu_typo_spacing_tablet":0,"ocean_menu_typo_spacing_mobile":0,"ocean_menu_typo_spacing_unit":"","ocean_menu_link_color":"","ocean_menu_link_color_hover":"","ocean_menu_link_color_active":"","ocean_menu_link_background":"","ocean_menu_link_hover_background":"","ocean_menu_link_active_background":"","ocean_menu_social_links_bg":"","ocean_menu_social_hover_links_bg":"","ocean_menu_social_links_color":"","ocean_menu_social_hover_links_color":"","ocean_disable_title":"default","ocean_disable_heading":"default","ocean_post_title":"","ocean_post_subheading":"","ocean_post_title_style":"","ocean_post_title_background_color":"","ocean_post_title_background":0,"ocean_post_title_bg_image_position":"","ocean_post_title_bg_image_attachment":"","ocean_post_title_bg_image_repeat":"","ocean_post_title_bg_image_size":"","ocean_post_title_height":0,"ocean_post_title_bg_overlay":0.5,"ocean_post_title_bg_overlay_color":"","ocean_disable_breadcrumbs":"default","ocean_breadcrumbs_color":"","ocean_breadcrumbs_separator_color":"","ocean_breadcrumbs_links_color":"","ocean_breadcrumbs_links_hover_color":"","ocean_display_footer_widgets":"default","ocean_display_footer_bottom":"default","ocean_custom_footer_template":"","footnotes":""},"class_list":["post-348","page","type-page","status-publish","hentry","entry","owp-thumbs-layout-horizontal","owp-btn-normal","owp-tabs-layout-horizontal","has-no-thumbnails","has-product-nav"],"yoast_head":"<!-- This site is optimized with the Yoast SEO plugin v22.4 - https:\/\/yoast.com\/wordpress\/plugins\/seo\/ -->\n<title>Nos membres - Boutique<\/title>\n<meta name=\"robots\" content=\"index, follow, max-snippet:-1, max-image-preview:large, max-video-preview:-1\" \/>\n<link rel=\"canonical\" href=\"https:\/\/gic-solaire-elpc.com\/en\/nos-membres\/\" \/>\n<meta property=\"og:locale\" content=\"en_US\" \/>\n<meta property=\"og:type\" content=\"article\" \/>\n<meta property=\"og:title\" content=\"Nos membres - Boutique\" \/>\n<meta property=\"og:description\" content=\"Bienvenue dans notre communaut\u00e9 de membres engag\u00e9s ! Votre r\u00f4le en tant que membre est d&rsquo;une importance capitale pour la r\u00e9alisation de notre mission et l&rsquo;impact que nous souhaitons avoir dans les communaut\u00e9s d\u00e9favoris\u00e9es. En rejoignant notre organisation, vous devenez un v\u00e9ritable agent de changement, contribuant \u00e0 am\u00e9liorer la vie des personnes qui en ont [&hellip;]\" \/>\n<meta property=\"og:url\" content=\"https:\/\/gic-solaire-elpc.com\/en\/nos-membres\/\" \/>\n<meta property=\"og:site_name\" content=\"Boutique\" \/>\n<meta property=\"article:modified_time\" content=\"2024-04-23T17:37:24+00:00\" \/>\n<meta name=\"twitter:card\" content=\"summary_large_image\" \/>\n<meta name=\"twitter:label1\" content=\"Est. reading time\" \/>\n\t<meta name=\"twitter:data1\" content=\"1 minute\" \/>\n<script type=\"application\/ld+json\" class=\"yoast-schema-graph\">{\"@context\":\"https:\/\/schema.org\",\"@graph\":[{\"@type\":\"WebPage\",\"@id\":\"https:\/\/gic-solaire-elpc.com\/nos-membres\/\",\"url\":\"https:\/\/gic-solaire-elpc.com\/nos-membres\/\",\"name\":\"Nos membres - Boutique\",\"isPartOf\":{\"@id\":\"https:\/\/gic-solaire-elpc.com\/#website\"},\"datePublished\":\"2023-11-30T14:03:40+00:00\",\"dateModified\":\"2024-04-23T17:37:24+00:00\",\"breadcrumb\":{\"@id\":\"https:\/\/gic-solaire-elpc.com\/nos-membres\/#breadcrumb\"},\"inLanguage\":\"en-US\",\"potentialAction\":[{\"@type\":\"ReadAction\",\"target\":[\"https:\/\/gic-solaire-elpc.com\/nos-membres\/\"]}]},{\"@type\":\"BreadcrumbList\",\"@id\":\"https:\/\/gic-solaire-elpc.com\/nos-membres\/#breadcrumb\",\"itemListElement\":[{\"@type\":\"ListItem\",\"position\":1,\"name\":\"Home\",\"item\":\"https:\/\/gic-solaire-elpc.com\/\"},{\"@type\":\"ListItem\",\"position\":2,\"name\":\"Nos membres\"}]},{\"@type\":\"WebSite\",\"@id\":\"https:\/\/gic-solaire-elpc.com\/#website\",\"url\":\"https:\/\/gic-solaire-elpc.com\/\",\"name\":\"Boutique\",\"description\":\"\",\"publisher\":{\"@id\":\"https:\/\/gic-solaire-elpc.com\/#organization\"},\"potentialAction\":[{\"@type\":\"SearchAction\",\"target\":{\"@type\":\"EntryPoint\",\"urlTemplate\":\"https:\/\/gic-solaire-elpc.com\/?s={search_term_string}\"},\"query-input\":\"required name=search_term_string\"}],\"inLanguage\":\"en-US\"},{\"@type\":\"Organization\",\"@id\":\"https:\/\/gic-solaire-elpc.com\/#organization\",\"name\":\"Boutique\",\"url\":\"https:\/\/gic-solaire-elpc.com\/\",\"logo\":{\"@type\":\"ImageObject\",\"inLanguage\":\"en-US\",\"@id\":\"https:\/\/gic-solaire-elpc.com\/#\/schema\/logo\/image\/\",\"url\":\"https:\/\/gic-solaire-elpc.com\/wp-content\/uploads\/2024\/04\/cropped-cropped-Capture_d_ecran_2024-04-18_a_16.52.48-removebg-preview.png\",\"contentUrl\":\"https:\/\/gic-solaire-elpc.com\/wp-content\/uploads\/2024\/04\/cropped-cropped-Capture_d_ecran_2024-04-18_a_16.52.48-removebg-preview.png\",\"width\":902,\"height\":157,\"caption\":\"Boutique\"},\"image\":{\"@id\":\"https:\/\/gic-solaire-elpc.com\/#\/schema\/logo\/image\/\"}}]}<\/script>\n<!-- \/ Yoast SEO plugin. -->","yoast_head_json":{"title":"Nos membres - Boutique","robots":{"index":"index","follow":"follow","max-snippet":"max-snippet:-1","max-image-preview":"max-image-preview:large","max-video-preview":"max-video-preview:-1"},"canonical":"https:\/\/gic-solaire-elpc.com\/en\/nos-membres\/","og_locale":"en_US","og_type":"article","og_title":"Nos membres - Boutique","og_description":"Bienvenue dans notre communaut\u00e9 de membres engag\u00e9s ! Votre r\u00f4le en tant que membre est d&rsquo;une importance capitale pour la r\u00e9alisation de notre mission et l&rsquo;impact que nous souhaitons avoir dans les communaut\u00e9s d\u00e9favoris\u00e9es. En rejoignant notre organisation, vous devenez un v\u00e9ritable agent de changement, contribuant \u00e0 am\u00e9liorer la vie des personnes qui en ont [&hellip;]","og_url":"https:\/\/gic-solaire-elpc.com\/en\/nos-membres\/","og_site_name":"Boutique","article_modified_time":"2024-04-23T17:37:24+00:00","twitter_card":"summary_large_image","twitter_misc":{"Est. reading time":"1 minute"},"schema":{"@context":"https:\/\/schema.org","@graph":[{"@type":"WebPage","@id":"https:\/\/gic-solaire-elpc.com\/nos-membres\/","url":"https:\/\/gic-solaire-elpc.com\/nos-membres\/","name":"Nos membres - Boutique","isPartOf":{"@id":"https:\/\/gic-solaire-elpc.com\/#website"},"datePublished":"2023-11-30T14:03:40+00:00","dateModified":"2024-04-23T17:37:24+00:00","breadcrumb":{"@id":"https:\/\/gic-solaire-elpc.com\/nos-membres\/#breadcrumb"},"inLanguage":"en-US","potentialAction":[{"@type":"ReadAction","target":["https:\/\/gic-solaire-elpc.com\/nos-membres\/"]}]},{"@type":"BreadcrumbList","@id":"https:\/\/gic-solaire-elpc.com\/nos-membres\/#breadcrumb","itemListElement":[{"@type":"ListItem","position":1,"name":"Home","item":"https:\/\/gic-solaire-elpc.com\/"},{"@type":"ListItem","position":2,"name":"Nos membres"}]},{"@type":"WebSite","@id":"https:\/\/gic-solaire-elpc.com\/#website","url":"https:\/\/gic-solaire-elpc.com\/","name":"Boutique","description":"","publisher":{"@id":"https:\/\/gic-solaire-elpc.com\/#organization"},"potentialAction":[{"@type":"SearchAction","target":{"@type":"EntryPoint","urlTemplate":"https:\/\/gic-solaire-elpc.com\/?s={search_term_string}"},"query-input":"required name=search_term_string"}],"inLanguage":"en-US"},{"@type":"Organization","@id":"https:\/\/gic-solaire-elpc.com\/#organization","name":"Boutique","url":"https:\/\/gic-solaire-elpc.com\/","logo":{"@type":"ImageObject","inLanguage":"en-US","@id":"https:\/\/gic-solaire-elpc.com\/#\/schema\/logo\/image\/","url":"https:\/\/gic-solaire-elpc.com\/wp-content\/uploads\/2024\/04\/cropped-cropped-Capture_d_ecran_2024-04-18_a_16.52.48-removebg-preview.png","contentUrl":"https:\/\/gic-solaire-elpc.com\/wp-content\/uploads\/2024\/04\/cropped-cropped-Capture_d_ecran_2024-04-18_a_16.52.48-removebg-preview.png","width":902,"height":157,"caption":"Boutique"},"image":{"@id":"https:\/\/gic-solaire-elpc.com\/#\/schema\/logo\/image\/"}}]}},"_links":{"self":[{"href":"https:\/\/gic-solaire-elpc.com\/en\/wp-json\/wp\/v2\/pages\/348","targetHints":{"allow":["GET"]}}],"collection":[{"href":"https:\/\/gic-solaire-elpc.com\/en\/wp-json\/wp\/v2\/pages"}],"about":[{"href":"https:\/\/gic-solaire-elpc.com\/en\/wp-json\/wp\/v2\/types\/page"}],"author":[{"embeddable":true,"href":"https:\/\/gic-solaire-elpc.com\/en\/wp-json\/wp\/v2\/users\/1"}],"replies":[{"embeddable":true,"href":"https:\/\/gic-solaire-elpc.com\/en\/wp-json\/wp\/v2\/comments?post=348"}],"version-history":[{"count":7,"href":"https:\/\/gic-solaire-elpc.com\/en\/wp-json\/wp\/v2\/pages\/348\/revisions"}],"predecessor-version":[{"id":1472,"href":"https:\/\/gic-solaire-elpc.com\/en\/wp-json\/wp\/v2\/pages\/348\/revisions\/1472"}],"wp:attachment":[{"href":"https:\/\/gic-solaire-elpc.com\/en\/wp-json\/wp\/v2\/media?parent=348"}],"curies":[{"name":"wp","href":"https:\/\/api.w.org\/{rel}","templated":true}]}}